{"id":113,"date":"2025-07-23T13:42:59","date_gmt":"2025-07-23T13:42:59","guid":{"rendered":"http:\/\/dsbsl.com\/?page_id=113"},"modified":"2025-12-11T16:03:22","modified_gmt":"2025-12-11T16:03:22","slug":"nuestros-productos","status":"publish","type":"page","link":"https:\/\/dsbsl.com\/en\/nuestros-productos\/","title":{"rendered":"Nuestros productos"},"content":{"rendered":"<p>[et_pb_section fb_built=\u00bb1&#8243; custom_padding_last_edited=\u00bbon|phone\u00bb _builder_version=\u00bb4.27.4&#8243; background_color=\u00bb#432d2d\u00bb use_background_color_gradient=\u00bbon\u00bb background_color_gradient_stops=\u00bbrgba(67,45,45,0.75) 0%|rgba(67,45,45,0.75) 99%\u00bb background_enable_video_mp4=\u00bboff\u00bb custom_margin_last_edited=\u00bboff|desktop\u00bb custom_padding=\u00bb5.5%||5.5%||true|false\u00bb custom_padding_tablet=\u00bb8%||8%||true|false\u00bb custom_padding_phone=\u00bb35%||35%||true|false\u00bb top_divider_height=\u00bb50px\u00bb top_divider_flip=\u00bbhorizontal|vertical\u00bb bottom_divider_color=\u00bb#F49E92&#8243; hover_enabled=\u00bb0&#8243; global_colors_info=\u00bb{}\u00bb title_text=\u00bbred-de-ciudades-interconectadas-y-puntos-de-referencia-en-todo-el-mundo\u00bb background_image=\u00bbhttps:\/\/dsbsl.com\/wp-content\/uploads\/2025\/12\/red-de-ciudades-interconectadas-y-puntos-de-referencia-en-todo-el-mundo-scaled.jpg\u00bb background_blend=\u00bbmultiply\u00bb sticky_enabled=\u00bb0&#8243;][et_pb_row use_custom_gutter=\u00bbon\u00bb gutter_width=\u00bb2&#8243; make_equal=\u00bbon\u00bb _builder_version=\u00bb4.27.4&#8243; width=\u00bb90%\u00bb width_tablet=\u00bb90%\u00bb width_phone=\u00bb90%\u00bb width_last_edited=\u00bbon|phone\u00bb max_width=\u00bb1300px\u00bb max_width_tablet=\u00bb90%\u00bb max_width_phone=\u00bb90%\u00bb max_width_last_edited=\u00bbon|tablet\u00bb custom_margin=\u00bb|auto|-3px|auto||\u00bb global_colors_info=\u00bb{}\u00bb][et_pb_column type=\u00bb4_4&#8243; _builder_version=\u00bb4.16&#8243; global_colors_info=\u00bb{}\u00bb][et_pb_text _builder_version=\u00bb4.27.4&#8243; _dynamic_attributes=\u00bbcontent\u00bb text_font=\u00bb&#8211;et_global_heading_font|700|||||||\u00bb text_text_color=\u00bb#FFFFFF\u00bb text_font_size=\u00bb25px\u00bb header_text_align=\u00bbcenter\u00bb header_text_color=\u00bb#ffffff\u00bb header_font_size=\u00bb55px\u00bb text_orientation=\u00bbcenter\u00bb custom_margin=\u00bb-5px||||false|false\u00bb animation_style=\u00bbslide\u00bb animation_delay=\u00bb200ms\u00bb header_font_size_tablet=\u00bb40px\u00bb header_font_size_phone=\u00bb30px\u00bb header_font_size_last_edited=\u00bbon|phone\u00bb header_letter_spacing_tablet=\u00bb4px\u00bb header_letter_spacing_phone=\u00bb6px\u00bb header_letter_spacing_last_edited=\u00bboff|desktop\u00bb header_line_height_phone=\u00bb1.2em\u00bb header_line_height_last_edited=\u00bboff|desktop\u00bb header_text_shadow_style=\u00bbpreset1&#8243; global_colors_info=\u00bb{}\u00bb header_letter_spacing__hover_enabled=\u00bboff|desktop\u00bb]@ET-DC@eyJkeW5hbWljIjp0cnVlLCJjb250ZW50IjoicG9zdF90aXRsZSIsInNldHRpbmdzIjp7ImJlZm9yZSI6IiIsImFmdGVyIjoiIn19@[\/et_pb_text][et_pb_text _builder_version=\u00bb4.27.4&#8243; header_text_align=\u00bbcenter\u00bb header_text_color=\u00bb#FFFFFF\u00bb header_2_text_align=\u00bbcenter\u00bb header_2_text_color=\u00bb#FFFFFF\u00bb header_2_font_size=\u00bb35px\u00bb header_2_line_height=\u00bb1.2em\u00bb header_2_font_size_tablet=\u00bb\u00bb header_2_font_size_phone=\u00bb25px\u00bb header_2_font_size_last_edited=\u00bbon|phone\u00bb header_2_letter_spacing_phone=\u00bb1px\u00bb header_2_letter_spacing_last_edited=\u00bboff|desktop\u00bb global_colors_info=\u00bb{}\u00bb]<\/p>\n<div>\n<div>\n<h1><b>Somos expertos en fruta de hueso y c\u00edtricos frescos para Europa<\/b><\/h1>\n<\/div>\n<\/div>\n<div><\/div>\n<h1><b>\u00a0<\/b><\/h1>\n<p>[\/et_pb_text][\/et_pb_column][\/et_pb_row][\/et_pb_section][et_pb_section fb_built=\u00bb1&#8243; _builder_version=\u00bb4.27.4&#8243; _module_preset=\u00bbdefault\u00bb background_color=\u00bb#000000&#8243; background_enable_image=\u00bboff\u00bb background_size=\u00bbcontain\u00bb background_repeat=\u00bbrepeat-x\u00bb custom_padding=\u00bb120px||120px|||\u00bb background_last_edited=\u00bboff|desktop\u00bb background_color_gradient_overlays_image_tablet=\u00bboff\u00bb background_color_gradient_overlays_image_phone=\u00bboff\u00bb global_colors_info=\u00bb{}\u00bb][et_pb_row column_structure=\u00bb3_4,1_4&#8243; use_custom_gutter=\u00bbon\u00bb gutter_width=\u00bb2&#8243; make_equal=\u00bbon\u00bb _builder_version=\u00bb4.27.4&#8243; _module_preset=\u00bbdefault\u00bb width=\u00bb90%\u00bb width_tablet=\u00bb90%\u00bb width_phone=\u00bb90%\u00bb width_last_edited=\u00bboff|desktop\u00bb max_width_tablet=\u00bb90%\u00bb max_width_phone=\u00bb90%\u00bb max_width_last_edited=\u00bbon|desktop\u00bb custom_padding=\u00bb0px||0px||true|\u00bb animation_style=\u00bbfade\u00bb global_colors_info=\u00bb{}\u00bb][et_pb_column type=\u00bb3_4&#8243; _builder_version=\u00bb4.16&#8243; _module_preset=\u00bbdefault\u00bb global_colors_info=\u00bb{}\u00bb][dsm_typing_effect before_typing_effect=\u00bbFruta.\u00bb typing_effect=\u00bbExperiencia\u00bb before_new_line=\u00bboff\u00bb after_typing_effect=\u00bbResultados\u00bb after_new_line=\u00bbon\u00bb before_typing_background_color=\u00bbRGBA(255,255,255,0)\u00bb _builder_version=\u00bb4.27.4&#8243; _module_preset=\u00bbdefault\u00bb header_font=\u00bbMontserrat||||||||\u00bb header_text_color=\u00bb#f2527d\u00bb header_font_size=\u00bb60px\u00bb before_font=\u00bbMontserrat||||||||\u00bb before_text_color=\u00bb#FFFFFF\u00bb before_font_size=\u00bb60px\u00bb after_font=\u00bbMontserrat||||||||\u00bb after_text_color=\u00bb#FFFFFF\u00bb after_font_size=\u00bb60px\u00bb header_font_size_tablet=\u00bb60px\u00bb header_font_size_phone=\u00bb40px\u00bb header_font_size_last_edited=\u00bbon|phone\u00bb before_font_size_tablet=\u00bb60px\u00bb before_font_size_phone=\u00bb40px\u00bb before_font_size_last_edited=\u00bbon|desktop\u00bb after_font_size_tablet=\u00bb60px\u00bb after_font_size_phone=\u00bb40px\u00bb after_font_size_last_edited=\u00bbon|phone\u00bb global_colors_info=\u00bb{}\u00bb][\/dsm_typing_effect][et_pb_text _builder_version=\u00bb4.27.4&#8243; _module_preset=\u00bbdefault\u00bb text_font=\u00bbMontserrat|300|||||||\u00bb text_text_color=\u00bb#FFFFFF\u00bb text_font_size=\u00bb20px\u00bb text_line_height=\u00bb1.2em\u00bb global_colors_info=\u00bb{}\u00bb]<\/p>\n<p><strong>Somos tu socio comercial en la exportaci\u00f3n de fruta y hortaliza fresca.<\/strong> Sin compras, sin reventa: solo asesor\u00eda, gesti\u00f3n, transparencia y eficiencia desde el origen hasta tu almac\u00e9n.<\/p>\n<p>[\/et_pb_text][\/et_pb_column][et_pb_column type=\u00bb1_4&#8243; _builder_version=\u00bb4.16&#8243; _module_preset=\u00bbdefault\u00bb global_colors_info=\u00bb{}\u00bb][\/et_pb_column][\/et_pb_row][et_pb_row column_structure=\u00bb1_2,1_2&#8243; use_custom_gutter=\u00bbon\u00bb gutter_width=\u00bb2&#8243; _builder_version=\u00bb4.27.4&#8243; _module_preset=\u00bbdefault\u00bb width=\u00bb90%\u00bb width_tablet=\u00bb90%\u00bb width_phone=\u00bb90%\u00bb width_last_edited=\u00bboff|desktop\u00bb max_width_tablet=\u00bb90%\u00bb max_width_phone=\u00bb90%\u00bb max_width_last_edited=\u00bboff|desktop\u00bb custom_padding=\u00bb40px||0px|||\u00bb global_colors_info=\u00bb{}\u00bb][et_pb_column type=\u00bb1_2&#8243; _builder_version=\u00bb4.16&#8243; _module_preset=\u00bbdefault\u00bb global_colors_info=\u00bb{}\u00bb][dipl_interactive_image_card title=\u00bbFrutas de hueso\u00bb image=\u00bbhttps:\/\/dsbsl.com\/wp-content\/uploads\/2025\/11\/veracruz.jpg\u00bb select_layout=\u00bbeffect-sadie\u00bb image_opacity=\u00bb0.85&#8243; overlay_color=\u00bbrgba(242,82,125,0.29)\u00bb _builder_version=\u00bb4.27.4&#8243; _dynamic_attributes=\u00bblink_option_url\u00bb _module_preset=\u00bbdefault\u00bb title_level=\u00bbh3&#8243; title_text_color=\u00bb#FFFFFF\u00bb title_font_size=\u00bb30px\u00bb content_font_size=\u00bb18px\u00bb link_option_url=\u00bb@ET-DC@eyJkeW5hbWljIjp0cnVlLCJjb250ZW50IjoicG9zdF9saW5rX3VybF9wYWdlIiwic2V0dGluZ3MiOnsicG9zdF9pZCI6IjExMyJ9fQ==@\u00bb title_text_shadow_style=\u00bbpreset3&#8243; global_colors_info=\u00bb{}\u00bb overlay_color__hover_enabled=\u00bbon|desktop\u00bb overlay_color__hover=\u00bbrgba(242,82,125,0.8)\u00bb]<\/p>\n<p style=\"text-align: center;\">Albaricoques<br \/>Nectarinas<br \/>Melocot\u00f3nes<br \/>Paraguayos<br \/>Platerinas<br \/>Ciruelas<\/p>\n<p>[\/dipl_interactive_image_card][dipl_interactive_image_card select_layout=\u00bbeffect-sadie\u00bb image_opacity=\u00bb0.85&#8243; overlay_color=\u00bbrgba(242,82,125,0.29)\u00bb _builder_version=\u00bb4.27.4&#8243; _module_preset=\u00bbdefault\u00bb title_level=\u00bbh3&#8243; title_text_color=\u00bb#FFFFFF\u00bb title_font_size=\u00bb30px\u00bb content_font_size=\u00bb18px\u00bb title_text_shadow_style=\u00bbpreset3&#8243; global_colors_info=\u00bb{}\u00bb overlay_color__hover=\u00bbrgba(242,82,125,0.8)\u00bb overlay_color__hover_enabled=\u00bbon|desktop\u00bb][\/dipl_interactive_image_card][\/et_pb_column][et_pb_column type=\u00bb1_2&#8243; _builder_version=\u00bb4.16&#8243; _module_preset=\u00bbdefault\u00bb global_colors_info=\u00bb{}\u00bb][dipl_interactive_image_card title=\u00bbC\u00edtricos\u00bb image=\u00bbhttps:\/\/dsbsl.com\/wp-content\/uploads\/2025\/07\/314.jpg\u00bb select_layout=\u00bbeffect-sadie\u00bb image_opacity=\u00bb0.85&#8243; overlay_color=\u00bbrgba(242,82,125,0.29)\u00bb _builder_version=\u00bb4.27.4&#8243; _dynamic_attributes=\u00bblink_option_url\u00bb _module_preset=\u00bbdefault\u00bb title_level=\u00bbh3&#8243; title_text_color=\u00bb#FFFFFF\u00bb title_font_size=\u00bb30px\u00bb content_font_size=\u00bb18px\u00bb link_option_url=\u00bb@ET-DC@eyJkeW5hbWljIjp0cnVlLCJjb250ZW50IjoicG9zdF9saW5rX3VybF9wYWdlIiwic2V0dGluZ3MiOnsicG9zdF9pZCI6IjExMyJ9fQ==@\u00bb title_text_shadow_style=\u00bbpreset3&#8243; global_colors_info=\u00bb{}\u00bb overlay_color__hover_enabled=\u00bbon|desktop\u00bb overlay_color__hover=\u00bbrgba(242,82,125,0.8)\u00bb]<\/p>\n<p>Naranjas<br \/>Mandarinas<br \/>Lim\u00f3nes<br \/>Pomelos<br \/>Limas<\/p>\n<p>[\/dipl_interactive_image_card][dipl_interactive_image_card select_layout=\u00bbeffect-sadie\u00bb image_opacity=\u00bb0.85&#8243; overlay_color=\u00bbrgba(242,82,125,0.29)\u00bb _builder_version=\u00bb4.27.4&#8243; _module_preset=\u00bbdefault\u00bb title_level=\u00bbh3&#8243; title_text_color=\u00bb#FFFFFF\u00bb title_font_size=\u00bb30px\u00bb content_font_size=\u00bb18px\u00bb title_text_shadow_style=\u00bbpreset3&#8243; global_colors_info=\u00bb{}\u00bb overlay_color__hover=\u00bbrgba(242,82,125,0.8)\u00bb overlay_color__hover_enabled=\u00bbon|desktop\u00bb][\/dipl_interactive_image_card][\/et_pb_column][\/et_pb_row][et_pb_row column_structure=\u00bb1_2,1_2&#8243; use_custom_gutter=\u00bbon\u00bb gutter_width=\u00bb2&#8243; _builder_version=\u00bb4.27.4&#8243; _module_preset=\u00bbdefault\u00bb width=\u00bb90%\u00bb width_tablet=\u00bb90%\u00bb width_phone=\u00bb90%\u00bb width_last_edited=\u00bboff|desktop\u00bb max_width_tablet=\u00bb90%\u00bb max_width_phone=\u00bb90%\u00bb max_width_last_edited=\u00bboff|desktop\u00bb custom_padding=\u00bb19px||0px|||\u00bb global_colors_info=\u00bb{}\u00bb][et_pb_column type=\u00bb1_2&#8243; _builder_version=\u00bb4.16&#8243; _module_preset=\u00bbdefault\u00bb global_colors_info=\u00bb{}\u00bb][dipl_interactive_image_card title=\u00bbProductos ecol\u00f3gicos\u00bb image=\u00bbhttps:\/\/dsbsl.com\/wp-content\/uploads\/2025\/11\/albaricoques.jpg\u00bb select_layout=\u00bbeffect-sadie\u00bb image_opacity=\u00bb0.85&#8243; overlay_color=\u00bbrgba(242,82,125,0.29)\u00bb _builder_version=\u00bb4.27.4&#8243; _dynamic_attributes=\u00bblink_option_url\u00bb _module_preset=\u00bbdefault\u00bb title_level=\u00bbh3&#8243; title_text_color=\u00bb#FFFFFF\u00bb title_font_size=\u00bb30px\u00bb content_font_size=\u00bb18px\u00bb link_option_url=\u00bb@ET-DC@eyJkeW5hbWljIjp0cnVlLCJjb250ZW50IjoicG9zdF9saW5rX3VybF9wYWdlIiwic2V0dGluZ3MiOnsicG9zdF9pZCI6IjExMyJ9fQ==@\u00bb title_text_shadow_style=\u00bbpreset3&#8243; global_colors_info=\u00bb{}\u00bb overlay_color__hover_enabled=\u00bbon|desktop\u00bb overlay_color__hover=\u00bbrgba(242,82,125,0.8)\u00bb]<\/p>\n<p>Frutas<br \/>C\u00edtricos<br \/>Hortalizas<\/p>\n<p>[\/dipl_interactive_image_card][dipl_interactive_image_card select_layout=\u00bbeffect-sadie\u00bb image_opacity=\u00bb0.85&#8243; overlay_color=\u00bbrgba(242,82,125,0.29)\u00bb _builder_version=\u00bb4.27.4&#8243; _module_preset=\u00bbdefault\u00bb title_level=\u00bbh3&#8243; title_text_color=\u00bb#FFFFFF\u00bb title_font_size=\u00bb30px\u00bb content_font_size=\u00bb18px\u00bb title_text_shadow_style=\u00bbpreset3&#8243; global_colors_info=\u00bb{}\u00bb overlay_color__hover=\u00bbrgba(242,82,125,0.8)\u00bb overlay_color__hover_enabled=\u00bbon|desktop\u00bb][\/dipl_interactive_image_card][\/et_pb_column][et_pb_column type=\u00bb1_2&#8243; _builder_version=\u00bb4.16&#8243; _module_preset=\u00bbdefault\u00bb global_colors_info=\u00bb{}\u00bb][dipl_interactive_image_card title=\u00bbOtros\u00bb image=\u00bbhttps:\/\/dsbsl.com\/wp-content\/uploads\/2025\/07\/close-up-tomatoes-1-scaled.jpg\u00bb select_layout=\u00bbeffect-sadie\u00bb image_opacity=\u00bb0.85&#8243; overlay_color=\u00bbrgba(242,82,125,0.29)\u00bb _builder_version=\u00bb4.27.4&#8243; _dynamic_attributes=\u00bblink_option_url\u00bb _module_preset=\u00bbdefault\u00bb title_level=\u00bbh3&#8243; title_text_color=\u00bb#FFFFFF\u00bb title_font_size=\u00bb30px\u00bb content_font_size=\u00bb18px\u00bb link_option_url=\u00bb@ET-DC@eyJkeW5hbWljIjp0cnVlLCJjb250ZW50IjoicG9zdF9saW5rX3VybF9wYWdlIiwic2V0dGluZ3MiOnsicG9zdF9pZCI6IjExMyJ9fQ==@\u00bb title_text_shadow_style=\u00bbpreset3&#8243; global_colors_info=\u00bb{}\u00bb overlay_color__hover_enabled=\u00bbon|desktop\u00bb overlay_color__hover=\u00bbrgba(242,82,125,0.8)\u00bb]Hortalizas varias<br \/>\nEsp\u00e1rragos<br \/>\nTomates<br \/>\nBoniatos<br \/>\nZanahorias[\/dipl_interactive_image_card][dipl_interactive_image_card select_layout=\u00bbeffect-sadie\u00bb image_opacity=\u00bb0.85&#8243; overlay_color=\u00bbrgba(242,82,125,0.29)\u00bb _builder_version=\u00bb4.27.4&#8243; _module_preset=\u00bbdefault\u00bb title_level=\u00bbh3&#8243; title_text_color=\u00bb#FFFFFF\u00bb title_font_size=\u00bb30px\u00bb content_font_size=\u00bb18px\u00bb title_text_shadow_style=\u00bbpreset3&#8243; global_colors_info=\u00bb{}\u00bb overlay_color__hover=\u00bbrgba(242,82,125,0.8)\u00bb overlay_color__hover_enabled=\u00bbon|desktop\u00bb][\/dipl_interactive_image_card][\/et_pb_column][\/et_pb_row][\/et_pb_section][et_pb_section fb_built=\u00bb1&#8243; custom_padding_last_edited=\u00bbon|tablet\u00bb prev_background_color=\u00bb#000000&#8243; _builder_version=\u00bb4.27.4&#8243; _module_preset=\u00bbdefault\u00bb background_color=\u00bb#0a3b65&#8243; use_background_color_gradient=\u00bbon\u00bb background_color_gradient_stops=\u00bbrgba(242,82,125,0.61) 0%|#0c0101 99%\u00bb background_color_gradient_overlays_image=\u00bbon\u00bb background_image=\u00bbhttps:\/\/dsbsl.com\/wp-content\/uploads\/2025\/12\/mujer-adulta-joven-eligiendo-manzanas-en-el-supermercado-scaled.jpg\u00bb background_enable_pattern_style=\u00bbon\u00bb background_pattern_style=\u00bbsquares\u00bb background_pattern_color=\u00bbRGBA(255,255,255,0)\u00bb custom_margin=\u00bb0px||0px||false|false\u00bb custom_padding=\u00bb110px||110px||true|false\u00bb custom_padding_tablet=\u00bb120px||120px||false|false\u00bb custom_padding_phone=\u00bb90px||85px||false|false\u00bb top_divider_style=\u00bbtriangle\u00bb top_divider_height=\u00bb50px\u00bb top_divider_flip=\u00bbvertical\u00bb hover_enabled=\u00bb0&#8243; saved_tabs=\u00bball\u00bb global_colors_info=\u00bb{}\u00bb title_text=\u00bbyoung adult woman choosing apples in grocery store\u00bb sticky_enabled=\u00bb0&#8243;][et_pb_row use_custom_gutter=\u00bbon\u00bb gutter_width=\u00bb1&#8243; make_equal=\u00bbon\u00bb _builder_version=\u00bb4.27.4&#8243; _module_preset=\u00bbdefault\u00bb background_enable_color=\u00bboff\u00bb width=\u00bb90%\u00bb max_width=\u00bb1231px\u00bb max_width_tablet=\u00bb1231px\u00bb max_width_phone=\u00bb1231px\u00bb max_width_last_edited=\u00bbon|desktop\u00bb module_alignment=\u00bbcenter\u00bb custom_margin=\u00bb0px||0px||false|false\u00bb custom_padding=\u00bb0px||0px||false|false\u00bb animation_style=\u00bbslide\u00bb animation_direction=\u00bbbottom\u00bb global_colors_info=\u00bb{}\u00bb][et_pb_column type=\u00bb4_4&#8243; _builder_version=\u00bb4.27.4&#8243; _module_preset=\u00bbdefault\u00bb background_enable_color=\u00bboff\u00bb background_enable_image=\u00bboff\u00bb custom_padding=\u00bb25px|25px|25px|25px|true|true\u00bb custom_css_main_element=\u00bbmargin:auto\u00bb global_colors_info=\u00bb{}\u00bb][et_pb_image src=\u00bbhttps:\/\/dsbsl.com\/wp-content\/uploads\/2025\/10\/Logo-Blanco.png\u00bb title_text=\u00bbLogo-Blanco\u00bb align=\u00bbcenter\u00bb _builder_version=\u00bb4.27.4&#8243; _module_preset=\u00bbdefault\u00bb width=\u00bb35%\u00bb global_colors_info=\u00bb{}\u00bb][\/et_pb_image][et_pb_text _builder_version=\u00bb4.27.4&#8243; header_font=\u00bbMontserrat||||||||\u00bb header_text_color=\u00bb#FFFFFF\u00bb header_2_font=\u00bb||||||||\u00bb header_2_text_align=\u00bbleft\u00bb header_2_text_color=\u00bb#432D2D\u00bb header_2_font_size=\u00bb35px\u00bb text_orientation=\u00bbcenter\u00bb custom_margin=\u00bb24px|||||\u00bb header_font_size_tablet=\u00bb\u00bb header_font_size_phone=\u00bb30px\u00bb header_font_size_last_edited=\u00bbon|phone\u00bb header_2_font_size_tablet=\u00bb\u00bb header_2_font_size_phone=\u00bb25px\u00bb header_2_font_size_last_edited=\u00bbon|phone\u00bb header_2_letter_spacing_phone=\u00bb1px\u00bb header_2_letter_spacing_last_edited=\u00bboff|desktop\u00bb locked=\u00bboff\u00bb global_colors_info=\u00bb{}\u00bb]<\/p>\n<h1>\u00bfBuscas un partner comercial de confianza?<\/h1>\n<p>[\/et_pb_text][et_pb_text _builder_version=\u00bb4.27.4&#8243; _module_preset=\u00bbdefault\u00bb header_font=\u00bb||||||||\u00bb header_text_align=\u00bbleft\u00bb header_text_color=\u00bb#FFFFFF\u00bb header_font_size=\u00bb65px\u00bb header_2_font=\u00bbMontserrat|700|||||||\u00bb header_2_text_color=\u00bb#FFFFFF\u00bb header_2_font_size=\u00bb23px\u00bb header_3_font_size=\u00bb25px\u00bb header_3_letter_spacing=\u00bb-1px\u00bb min_height=\u00bb64px\u00bb custom_margin=\u00bb||20px||false|false\u00bb header_font_size_tablet=\u00bb50px\u00bb header_font_size_phone=\u00bb35px\u00bb header_font_size_last_edited=\u00bbon|tablet\u00bb locked=\u00bboff\u00bb global_colors_info=\u00bb{}\u00bb]<\/p>\n<h2 style=\"text-align: center;\">Contacta con nosotros y\u00a0<span style=\"color: #f2527d;\">te ayudamos a conectar origen y destino <\/span>con soluciones y garantias<\/h2>\n<p>[\/et_pb_text][et_pb_button button_text=\u00bbConoce m\u00e1s\u00bb button_alignment=\u00bbcenter\u00bb _builder_version=\u00bb4.27.4&#8243; _module_preset=\u00bbdefault\u00bb custom_button=\u00bbon\u00bb button_text_size=\u00bb16px\u00bb button_text_color=\u00bb#3A3A3A\u00bb button_bg_color=\u00bb#ffffff\u00bb button_border_width=\u00bb0px\u00bb button_border_color=\u00bb#ffffff\u00bb button_border_radius=\u00bb0px\u00bb button_font=\u00bbMontserrat|600||on|||||\u00bb button_use_icon=\u00bboff\u00bb custom_margin=\u00bb3px||||false|false\u00bb custom_padding=\u00bb15px|35px|15px|35px|true|true\u00bb locked=\u00bboff\u00bb global_colors_info=\u00bb{}\u00bb button_text_color__hover_enabled=\u00bbon|hover\u00bb button_text_color__hover=\u00bb#ffffff\u00bb button_bg_color__hover_enabled=\u00bbon|desktop\u00bb button_bg_color__hover=\u00bb#ED6F74&#8243; button_bg_enable_color__hover=\u00bbon\u00bb button_border_color__hover_enabled=\u00bbon|hover\u00bb button_border_color__hover=\u00bb#0b70e1&#8243; button_letter_spacing__hover_enabled=\u00bbon|desktop\u00bb button_letter_spacing__hover=\u00bb0px\u00bb][\/et_pb_button][\/et_pb_column][\/et_pb_row][\/et_pb_section]<\/p>","protected":false},"excerpt":{"rendered":"<p>Somos expertos en fruta de hueso y c\u00edtricos frescos para Europa \u00a0<div class=\"et_pb_module dsm_typing_effect dsm_typing_effect_0 et_pb_bg_layout_light\">\n\t\t\t\t\n\t\t\t\t\n\t\t\t\t\n\t\t\t\t\n\t\t\t\t\n\t\t\t\t\n\t\t\t\t<div class=\"et_pb_module_inner\">\n\t\t\t\t\t<h1 class=\"dsm-typing-effect et_pb_module_header\" aria-label=\"Experiencia\"><span class=\"dsm-before-typing-effect\">Fruta.&nbsp;<\/span><span class=\"dsm-typing-wrapper\"><span class=\"dsm-typing-strings\">Experiencia<\/span><span class=\"dsm-typing\" aria-hidden=\"true\" data-dsm-typing-cursor=\"|\" data-dsm-typing-strings=\"Experiencia\" data-dsm-typing-speed=\"100ms\" data-dsm-typing-backspeed=\"50ms\" data-dsm-typing-backdelay=\"700ms\" data-dsm-typing-loop=\"true\" data-dsm-typing-fadeout=\"false\" data-dsm-typing-shuffle=\"false\" data-dsm-typing-delay=\"0ms\" data-dsm-typing-viewport=\"80%\" data-dsm-typing-repeat=\"on\"><\/span><\/span><br><span class=\"dsm-after-typing-effect\">Resultados<\/span><\/h1>\n\t\t\t\t<\/div>\n\t\t\t<\/div>Somos tu socio comercial en la exportaci\u00f3n de fruta y hortaliza fresca. Sin compras, sin reventa: solo [&hellip;]<\/p>","protected":false},"author":2,"featured_media":0,"parent":0,"menu_order":0,"comment_status":"closed","ping_status":"closed","template":"","meta":{"_et_pb_use_builder":"on","_et_pb_old_content":"","_et_gb_content_width":"","footnotes":""},"class_list":["post-113","page","type-page","status-publish","hentry"],"_links":{"self":[{"href":"https:\/\/dsbsl.com\/en\/wp-json\/wp\/v2\/pages\/113","targetHints":{"allow":["GET"]}}],"collection":[{"href":"https:\/\/dsbsl.com\/en\/wp-json\/wp\/v2\/pages"}],"about":[{"href":"https:\/\/dsbsl.com\/en\/wp-json\/wp\/v2\/types\/page"}],"author":[{"embeddable":true,"href":"https:\/\/dsbsl.com\/en\/wp-json\/wp\/v2\/users\/2"}],"replies":[{"embeddable":true,"href":"https:\/\/dsbsl.com\/en\/wp-json\/wp\/v2\/comments?post=113"}],"version-history":[{"count":16,"href":"https:\/\/dsbsl.com\/en\/wp-json\/wp\/v2\/pages\/113\/revisions"}],"predecessor-version":[{"id":354233,"href":"https:\/\/dsbsl.com\/en\/wp-json\/wp\/v2\/pages\/113\/revisions\/354233"}],"wp:attachment":[{"href":"https:\/\/dsbsl.com\/en\/wp-json\/wp\/v2\/media?parent=113"}],"curies":[{"name":"wp","href":"https:\/\/api.w.org\/{rel}","templated":true}]}}