{"id":84,"date":"2025-07-22T14:40:29","date_gmt":"2025-07-22T14:40:29","guid":{"rendered":"http:\/\/dsbsl.com\/?page_id=84"},"modified":"2025-12-11T16:58:36","modified_gmt":"2025-12-11T16:58:36","slug":"quienes-somos","status":"publish","type":"page","link":"https:\/\/dsbsl.com\/en\/quienes-somos\/","title":{"rendered":"Quienes somos"},"content":{"rendered":"<p>[et_pb_section fb_built=\u00bb1&#8243; _builder_version=\u00bb4.27.4&#8243; _module_preset=\u00bbdefault\u00bb background_color=\u00bb#0a0606&#8243; use_background_color_gradient=\u00bbon\u00bb background_color_gradient_direction=\u00bb0deg\u00bb background_color_gradient_stops=\u00bbrgba(242,82,125,0.08) 0%|rgba(10,10,10,0.63) 100%\u00bb background_color_gradient_overlays_image=\u00bbon\u00bb background_image=\u00bbhttps:\/\/dsbsl.com\/wp-content\/uploads\/2025\/11\/vegetable-header-imageNew3-min.jpg\u00bb parallax=\u00bbon\u00bb custom_padding=\u00bb120px||120px||true|\u00bb bottom_divider_color=\u00bb#0a0a0a\u00bb bottom_divider_height=\u00bb60px\u00bb global_colors_info=\u00bb{}\u00bb][et_pb_row column_structure=\u00bb3_4,1_4&#8243; use_custom_gutter=\u00bbon\u00bb gutter_width=\u00bb2&#8243; make_equal=\u00bbon\u00bb custom_padding_last_edited=\u00bboff|desktop\u00bb _builder_version=\u00bb4.27.4&#8243; _module_preset=\u00bbdefault\u00bb width=\u00bb100%\u00bb width_tablet=\u00bb90%\u00bb width_phone=\u00bb90%\u00bb width_last_edited=\u00bboff|desktop\u00bb max_width_tablet=\u00bb90%\u00bb max_width_phone=\u00bb90%\u00bb max_width_last_edited=\u00bboff|desktop\u00bb custom_padding=\u00bb65px||65px||true|\u00bb custom_padding_tablet=\u00bb15vh||15vh||true|false\u00bb custom_padding_phone=\u00bb15vh||15vh||true|false\u00bb animation_direction=\u00bbtop\u00bb global_colors_info=\u00bb{}\u00bb][et_pb_column type=\u00bb3_4&#8243; _builder_version=\u00bb4.27.4&#8243; _module_preset=\u00bbdefault\u00bb background_enable_color=\u00bboff\u00bb custom_padding=\u00bb25px|25px|25px|25px|true|true\u00bb global_colors_info=\u00bb{}\u00bb][et_pb_text _builder_version=\u00bb4.27.4&#8243; header_font=\u00bb||||||||\u00bb header_text_align=\u00bbleft\u00bb header_text_color=\u00bb#FFFFFF\u00bb header_font_size=\u00bb65px\u00bb header_3_font=\u00bbMontserrat|700||on|||||\u00bb header_3_text_color=\u00bb#f2527d\u00bb header_3_font_size=\u00bb20px\u00bb header_3_line_height=\u00bb1.2em\u00bb header_font_size_tablet=\u00bb50px\u00bb header_font_size_phone=\u00bb35px\u00bb header_font_size_last_edited=\u00bbon|tablet\u00bb locked=\u00bboff\u00bb global_colors_info=\u00bb{}\u00bb]<\/p>\n<h3>Fruta \u2013 Experiencia \u2013 Resultados<\/h3>\n<p>[\/et_pb_text][dsm_typing_effect before_typing_effect=\u00bbDesde 1983 conectando\u00bb typing_effect=\u00bborigen y destino\u00bb before_new_line=\u00bbon\u00bb after_new_line=\u00bbon\u00bb typing_backspeed=\u00bb77ms\u00bb typing_backdelay=\u00bb1300ms\u00bb typing_cursor_color=\u00bb#f2527d\u00bb typing_background_color=\u00bbRGBA(255,255,255,0)\u00bb before_typing_background_color=\u00bbRGBA(255,255,255,0)\u00bb _builder_version=\u00bb4.27.4&#8243; _module_preset=\u00bbdefault\u00bb header_font=\u00bbMontserrat||||||||\u00bb header_text_color=\u00bb#f2527d\u00bb header_font_size=\u00bb60px\u00bb before_font=\u00bbMontserrat||||||||\u00bb before_text_color=\u00bb#FFFFFF\u00bb before_font_size=\u00bb60px\u00bb after_font=\u00bbMontserrat||||||||\u00bb after_text_color=\u00bb#0e406c\u00bb after_font_size=\u00bb60px\u00bb background_color=\u00bbrgba(58,58,58,0.17)\u00bb header_font_size_tablet=\u00bb60px\u00bb header_font_size_phone=\u00bb40px\u00bb header_font_size_last_edited=\u00bbon|phone\u00bb before_font_size_tablet=\u00bb60px\u00bb before_font_size_phone=\u00bb40px\u00bb before_font_size_last_edited=\u00bbon|desktop\u00bb after_font_size_tablet=\u00bb60px\u00bb after_font_size_phone=\u00bb40px\u00bb after_font_size_last_edited=\u00bbon|phone\u00bb global_colors_info=\u00bb{}\u00bb][\/dsm_typing_effect][\/et_pb_column][et_pb_column type=\u00bb1_4&#8243; _builder_version=\u00bb4.16&#8243; _module_preset=\u00bbdefault\u00bb global_colors_info=\u00bb{}\u00bb][\/et_pb_column][\/et_pb_row][\/et_pb_section][et_pb_section fb_built=\u00bb1&#8243; _builder_version=\u00bb4.27.4&#8243; _module_preset=\u00bbdefault\u00bb background_enable_color=\u00bboff\u00bb custom_margin=\u00bb0px||0px||false|false\u00bb custom_padding=\u00bb0px||0px||false|false\u00bb top_divider_style=\u00bbasymmetric\u00bb top_divider_color=\u00bb#FFFFFF\u00bb top_divider_flip=\u00bbvertical\u00bb global_colors_info=\u00bb{}\u00bb][et_pb_row column_structure=\u00bb2_5,3_5&#8243; use_custom_gutter=\u00bbon\u00bb gutter_width=\u00bb1&#8243; make_equal=\u00bbon\u00bb _builder_version=\u00bb4.27.4&#8243; _module_preset=\u00bbdefault\u00bb background_color=\u00bb#0a0101&#8243; width=\u00bb100%\u00bb max_width=\u00bb100%\u00bb custom_margin=\u00bb0px||0px||false|false\u00bb custom_padding=\u00bb0px||0px||false|false\u00bb hover_enabled=\u00bb0&#8243; global_colors_info=\u00bb{}\u00bb sticky_enabled=\u00bb0&#8243;][et_pb_column type=\u00bb2_5&#8243; _builder_version=\u00bb4.27.4&#8243; _module_preset=\u00bbdefault\u00bb background_image=\u00bbhttps:\/\/dsbsl.com\/wp-content\/uploads\/2025\/11\/albaricoque-borsalino-01.jpg\u00bb parallax=\u00bbon\u00bb hover_enabled=\u00bb0&#8243; background_last_edited=\u00bbon|tablet\u00bb background_enable_image_tablet=\u00bboff\u00bb global_colors_info=\u00bb{}\u00bb title_text=\u00bbalbaricoque-borsalino-01&#8243; use_background_color_gradient=\u00bbon\u00bb background_color_gradient_overlays_image=\u00bbon\u00bb background_color_gradient_stops=\u00bbrgba(58,58,58,0.52) 0%|rgba(58,58,58,0.57) 100%\u00bb sticky_enabled=\u00bb0&#8243;][et_pb_image src=\u00bbhttps:\/\/dsbsl.com\/wp-content\/uploads\/2025\/11\/melocotones.jpg\u00bb title_text=\u00bbmelocotones\u00bb force_fullwidth=\u00bbon\u00bb disabled_on=\u00bboff|off|on\u00bb _builder_version=\u00bb4.27.4&#8243; _module_preset=\u00bbdefault\u00bb height=\u00bb0px\u00bb height_tablet=\u00bb\u00bb height_phone=\u00bb\u00bb height_last_edited=\u00bbon|desktop\u00bb custom_margin=\u00bb0px||0px||false|false\u00bb custom_padding=\u00bb0px||0px||false|false\u00bb global_colors_info=\u00bb{}\u00bb][\/et_pb_image][\/et_pb_column][et_pb_column type=\u00bb3_5&#8243; _builder_version=\u00bb4.27.4&#8243; _module_preset=\u00bbdefault\u00bb custom_padding=\u00bb9vw|16vh|9vw|16vh|true|true\u00bb custom_padding_tablet=\u00bb120px|40px|120px|40px|false|false\u00bb custom_padding_phone=\u00bb90px|20px|90px|20px|false|false\u00bb custom_padding_last_edited=\u00bbon|tablet\u00bb animation_style=\u00bbslide\u00bb animation_direction=\u00bbright\u00bb custom_css_main_element=\u00bbmargin:auto;\u00bb global_colors_info=\u00bb{}\u00bb][et_pb_text _builder_version=\u00bb4.27.4&#8243; _module_preset=\u00bbdefault\u00bb header_font=\u00bb||||||||\u00bb header_text_align=\u00bbleft\u00bb header_text_color=\u00bb#FFFFFF\u00bb header_font_size=\u00bb65px\u00bb header_2_font=\u00bbMontserrat|800|||||||\u00bb header_2_text_color=\u00bb#FFFFFF\u00bb header_2_font_size=\u00bb35px\u00bb header_3_font_size=\u00bb25px\u00bb header_3_letter_spacing=\u00bb-1px\u00bb custom_margin=\u00bb||20px||false|false\u00bb header_font_size_tablet=\u00bb50px\u00bb header_font_size_phone=\u00bb35px\u00bb header_font_size_last_edited=\u00bbon|tablet\u00bb locked=\u00bboff\u00bb global_colors_info=\u00bb{}\u00bb]<\/p>\n<h2><span><strong>La historia comienza en 1983<\/strong>, cuando Jose Dominguez inicia su actividad profesional como vendedor en el mercado de Perpi\u00f1\u00e1n, uno de los centros neur\u00e1lgicos del comercio de frutas y hortalizas frescas en Europa.<\/span><\/h2>\n<p>[\/et_pb_text][et_pb_text _builder_version=\u00bb4.27.4&#8243; _module_preset=\u00bbdefault\u00bb text_font=\u00bbMontserrat|300|||||||\u00bb text_text_color=\u00bb#FFFFFF\u00bb text_line_height=\u00bb1.4em\u00bb custom_margin=\u00bb0px||40px||false|false\u00bb custom_padding=\u00bb0px||0px||false|false\u00bb global_colors_info=\u00bb{}\u00bb]<\/p>\n<p style=\"text-align: justify;\"><span>A lo largo de su carrera, Jose ocup\u00f3 puestos de responsabilidad como director comercial en una de las mayore empresas productora en Espa\u00f1a y despu\u00e9s particip\u00f3 en el desarrollo de unos supermercados en Francia e Italia. <\/span><\/p>\n<p style=\"text-align: justify;\"><span>En el a\u00f1o 2001, tras cerrar esa etapa, comienza una nueva, orientada exclusivamente a la comercializaci\u00f3n de frutas y hortalizas como agentes independientes. Desde entonces, el equipo trabaja los 365 d\u00edas del a\u00f1o conectando directamente a productores con clientes en todos los mercados de Europa y fuera de ella.<\/span><span style=\"font-size: 18px;\">\u00a0<\/span><\/p>\n<p style=\"text-align: justify;\"><span>Actualmente, la empresa contin\u00faa su crecimiento con la incorporaci\u00f3n de la segunda generaci\u00f3n, representada por Anthony Dominguez, desde el a\u00f1o 2009. Su aportaci\u00f3n garantiza continuidad, profesionalidad y una visi\u00f3n estrat\u00e9gica para los retos del comercio hortofrut\u00edcola moderno.<\/span><\/p>\n<p>[\/et_pb_text][\/et_pb_column][\/et_pb_row][\/et_pb_section][et_pb_section fb_built=\u00bb1&#8243; _builder_version=\u00bb4.27.4&#8243; background_color=\u00bb#0a0101&#8243; width=\u00bb100%\u00bb custom_padding=\u00bb0px||60px||false|\u00bb global_module=\u00bb287&#8243; saved_tabs=\u00bball\u00bb global_colors_info=\u00bb{}\u00bb][et_pb_row column_structure=\u00bb1_3,1_3,1_3&#8243; use_custom_gutter=\u00bbon\u00bb gutter_width=\u00bb2&#8243; make_equal=\u00bbon\u00bb _builder_version=\u00bb4.27.4&#8243; _module_preset=\u00bbdefault\u00bb width=\u00bb90%\u00bb global_colors_info=\u00bb{}\u00bb][et_pb_column type=\u00bb1_3&#8243; _builder_version=\u00bb4.27.4&#8243; _module_preset=\u00bbdefault\u00bb custom_css_main_element=\u00bbMargin:auto\t\u00bb global_colors_info=\u00bb{}\u00bb][et_pb_text _builder_version=\u00bb4.27.4&#8243; header_2_text_align=\u00bbcenter\u00bb header_2_text_color=\u00bb#ED6F74&#8243; header_2_font_size=\u00bb35px\u00bb header_2_line_height=\u00bb1.2em\u00bb custom_margin=\u00bb||-14px|||\u00bb custom_padding=\u00bb||35px|||\u00bb header_2_font_size_tablet=\u00bb\u00bb header_2_font_size_phone=\u00bb25px\u00bb header_2_font_size_last_edited=\u00bbon|phone\u00bb header_2_letter_spacing_phone=\u00bb1px\u00bb header_2_letter_spacing_last_edited=\u00bboff|desktop\u00bb locked=\u00bboff\u00bb global_colors_info=\u00bb{}\u00bb]<\/p>\n<h2 style=\"text-align: left;\"><b>Nuestro equipo comercial<\/b><\/h2>\n<p>[\/et_pb_text][et_pb_text _builder_version=\u00bb4.27.4&#8243; text_font=\u00bbMontserrat|300|||||||\u00bb text_text_color=\u00bb#FFFFFF\u00bb text_line_height=\u00bb1.4em\u00bb custom_margin=\u00bb0px||40px||false|false\u00bb custom_padding=\u00bb0px||0px||false|false\u00bb global_colors_info=\u00bb{}\u00bb]<\/p>\n<p>Somos tu socio comercial en la exportaci\u00f3n de fruta y hortaliza fresca. Sin compras, sin reventa: solo asesor\u00eda, gesti\u00f3n, transparencia y eficiencia desde el origen hasta tu almac\u00e9n.<\/p>\n<p>[\/et_pb_text][\/et_pb_column][et_pb_column type=\u00bb1_3&#8243; _builder_version=\u00bb4.27.4&#8243; _module_preset=\u00bbdefault\u00bb global_colors_info=\u00bb{}\u00bb][dsm_card title=\u00bbJose Dom\u00ednguez\u00bb subtitle=\u00bbComercial\u00bb content_horizontal_alignment=\u00bbflex-start\u00bb image=\u00bbhttps:\/\/dsbsl.com\/wp-content\/uploads\/2025\/11\/WhatsApp-Image-2025-10-27-at-12.09.29.jpeg\u00bb image_background_height=\u00bb350px\u00bb image_alignment=\u00bbcenter\u00bb button_url_new_window=\u00bb1&#8243; _builder_version=\u00bb4.27.4&#8243; _module_preset=\u00bbdefault\u00bb header_text_align=\u00bbcenter\u00bb header_text_color=\u00bb#432D2D\u00bb header_font_size=\u00bb25px\u00bb body_text_align=\u00bbcenter\u00bb subhead_font=\u00bb|700|||||||\u00bb subhead_text_color=\u00bb#432D2D\u00bb background_color=\u00bb#ED6F74&#8243; text_orientation=\u00bbcenter\u00bb border_color_all=\u00bb#EE7174&#8243; global_colors_info=\u00bb{}\u00bb]<\/p>\n<p><span style=\"font-weight: 400;\">620 85 01 00<\/span><br \/>jose@dsbsl.com<\/p>\n<p>[\/dsm_card][\/et_pb_column][et_pb_column type=\u00bb1_3&#8243; _builder_version=\u00bb4.27.4&#8243; _module_preset=\u00bbdefault\u00bb global_colors_info=\u00bb{}\u00bb][dsm_card title=\u00bbAnthony Dominguez\u00bb subtitle=\u00bbComercial\u00bb content_horizontal_alignment=\u00bbflex-start\u00bb image=\u00bbhttps:\/\/dsbsl.com\/wp-content\/uploads\/2025\/12\/WhatsApp-Image-2025-11-06-at-17.55.45.jpeg\u00bb image_background_height=\u00bb350px\u00bb image_alignment=\u00bbcenter\u00bb button_url_new_window=\u00bb1&#8243; _builder_version=\u00bb4.27.4&#8243; _module_preset=\u00bbdefault\u00bb header_text_align=\u00bbcenter\u00bb header_text_color=\u00bb#432D2D\u00bb header_font_size=\u00bb25px\u00bb body_text_align=\u00bbcenter\u00bb subhead_font=\u00bb|700|||||||\u00bb subhead_text_color=\u00bb#432D2D\u00bb background_color=\u00bb#ED6F74&#8243; text_orientation=\u00bbcenter\u00bb border_color_all=\u00bb#EE7174&#8243; global_colors_info=\u00bb{}\u00bb]<\/p>\n<p><span style=\"font-weight: 400;\">608 75 38 53<\/span><br \/><span style=\"font-weight: 400;\">anthony@dsbsl.com<\/span><\/p>\n<p>[\/dsm_card][\/et_pb_column][\/et_pb_row][\/et_pb_section][et_pb_section fb_built=\u00bb1&#8243; custom_padding_last_edited=\u00bbon|tablet\u00bb prev_background_color=\u00bb#0a0101&#8243; _builder_version=\u00bb4.27.4&#8243; _module_preset=\u00bbdefault\u00bb background_color=\u00bb#0a3b65&#8243; use_background_color_gradient=\u00bbon\u00bb background_color_gradient_stops=\u00bbrgba(242,82,125,0.61) 0%|#0c0101 99%\u00bb background_color_gradient_overlays_image=\u00bbon\u00bb background_image=\u00bbhttps:\/\/dsbsl.com\/wp-content\/uploads\/2025\/11\/albaricoque-borsalino-01.jpg\u00bb background_enable_pattern_style=\u00bbon\u00bb background_pattern_style=\u00bbsquares\u00bb background_pattern_color=\u00bbRGBA(255,255,255,0)\u00bb custom_margin=\u00bb0px||0px||false|false\u00bb custom_padding=\u00bb110px||110px||true|false\u00bb custom_padding_tablet=\u00bb120px||120px||false|false\u00bb custom_padding_phone=\u00bb90px||85px||false|false\u00bb top_divider_style=\u00bbtriangle\u00bb top_divider_height=\u00bb50px\u00bb top_divider_flip=\u00bbvertical\u00bb saved_tabs=\u00bball\u00bb global_colors_info=\u00bb{}\u00bb][et_pb_row use_custom_gutter=\u00bbon\u00bb gutter_width=\u00bb1&#8243; make_equal=\u00bbon\u00bb _builder_version=\u00bb4.27.4&#8243; _module_preset=\u00bbdefault\u00bb background_enable_color=\u00bboff\u00bb width=\u00bb90%\u00bb max_width=\u00bb1231px\u00bb max_width_tablet=\u00bb1231px\u00bb max_width_phone=\u00bb1231px\u00bb max_width_last_edited=\u00bbon|desktop\u00bb module_alignment=\u00bbcenter\u00bb custom_margin=\u00bb0px||0px||false|false\u00bb custom_padding=\u00bb0px||0px||false|false\u00bb animation_style=\u00bbslide\u00bb animation_direction=\u00bbbottom\u00bb global_colors_info=\u00bb{}\u00bb][et_pb_column type=\u00bb4_4&#8243; _builder_version=\u00bb4.27.4&#8243; _module_preset=\u00bbdefault\u00bb background_enable_color=\u00bboff\u00bb background_enable_image=\u00bboff\u00bb custom_padding=\u00bb25px|25px|25px|25px|true|true\u00bb custom_css_main_element=\u00bbmargin:auto\u00bb global_colors_info=\u00bb{}\u00bb][et_pb_image src=\u00bbhttps:\/\/dsbsl.com\/wp-content\/uploads\/2025\/10\/Logo-Blanco.png\u00bb title_text=\u00bbLogo-Blanco\u00bb align=\u00bbcenter\u00bb _builder_version=\u00bb4.27.4&#8243; _module_preset=\u00bbdefault\u00bb width=\u00bb35%\u00bb global_colors_info=\u00bb{}\u00bb][\/et_pb_image][et_pb_text _builder_version=\u00bb4.27.4&#8243; header_font=\u00bbMontserrat||||||||\u00bb header_text_color=\u00bb#FFFFFF\u00bb header_2_font=\u00bb||||||||\u00bb header_2_text_align=\u00bbleft\u00bb header_2_text_color=\u00bb#432D2D\u00bb header_2_font_size=\u00bb35px\u00bb text_orientation=\u00bbcenter\u00bb custom_margin=\u00bb24px|||||\u00bb header_font_size_tablet=\u00bb\u00bb header_font_size_phone=\u00bb30px\u00bb header_font_size_last_edited=\u00bbon|phone\u00bb header_2_font_size_tablet=\u00bb\u00bb header_2_font_size_phone=\u00bb25px\u00bb header_2_font_size_last_edited=\u00bbon|phone\u00bb header_2_letter_spacing_phone=\u00bb1px\u00bb header_2_letter_spacing_last_edited=\u00bboff|desktop\u00bb locked=\u00bboff\u00bb global_colors_info=\u00bb{}\u00bb]<\/p>\n<h1>\u00bfBuscas un partner comercial de confianza?<\/h1>\n<p>[\/et_pb_text][et_pb_text _builder_version=\u00bb4.27.4&#8243; _module_preset=\u00bbdefault\u00bb header_font=\u00bb||||||||\u00bb header_text_align=\u00bbleft\u00bb header_text_color=\u00bb#FFFFFF\u00bb header_font_size=\u00bb65px\u00bb header_2_font=\u00bbMontserrat|700|||||||\u00bb header_2_text_color=\u00bb#FFFFFF\u00bb header_2_font_size=\u00bb23px\u00bb header_3_font_size=\u00bb25px\u00bb header_3_letter_spacing=\u00bb-1px\u00bb min_height=\u00bb64px\u00bb custom_margin=\u00bb||20px||false|false\u00bb header_font_size_tablet=\u00bb50px\u00bb header_font_size_phone=\u00bb35px\u00bb header_font_size_last_edited=\u00bbon|tablet\u00bb locked=\u00bboff\u00bb global_colors_info=\u00bb{}\u00bb]<\/p>\n<h2 style=\"text-align: center;\">Contacta con nosotros y\u00a0<span style=\"color: #f2527d;\">te ayudamos a conectar origen y destino <\/span>con soluciones y garantias<\/h2>\n<p>[\/et_pb_text][et_pb_button button_text=\u00bbConoce m\u00e1s\u00bb button_alignment=\u00bbcenter\u00bb _builder_version=\u00bb4.27.4&#8243; _module_preset=\u00bbdefault\u00bb custom_button=\u00bbon\u00bb button_text_size=\u00bb16px\u00bb button_text_color=\u00bb#3A3A3A\u00bb button_bg_color=\u00bb#ffffff\u00bb button_border_width=\u00bb0px\u00bb button_border_color=\u00bb#ffffff\u00bb button_border_radius=\u00bb0px\u00bb button_font=\u00bbMontserrat|600||on|||||\u00bb button_use_icon=\u00bboff\u00bb custom_margin=\u00bb3px||||false|false\u00bb custom_padding=\u00bb15px|35px|15px|35px|true|true\u00bb locked=\u00bboff\u00bb global_colors_info=\u00bb{}\u00bb button_text_color__hover_enabled=\u00bbon|hover\u00bb button_text_color__hover=\u00bb#ffffff\u00bb button_bg_color__hover_enabled=\u00bbon|desktop\u00bb button_bg_color__hover=\u00bb#ED6F74&#8243; button_bg_enable_color__hover=\u00bbon\u00bb button_border_color__hover_enabled=\u00bbon|hover\u00bb button_border_color__hover=\u00bb#0b70e1&#8243; button_letter_spacing__hover_enabled=\u00bbon|desktop\u00bb button_letter_spacing__hover=\u00bb0px\u00bb][\/et_pb_button][\/et_pb_column][\/et_pb_row][\/et_pb_section]<\/p>","protected":false},"excerpt":{"rendered":"<p>Fruta \u2013 Experiencia \u2013 Resultados<div class=\"et_pb_module dsm_typing_effect dsm_typing_effect_0 et_pb_bg_layout_light\">\n\t\t\t\t\n\t\t\t\t\n\t\t\t\t\n\t\t\t\t\n\t\t\t\t\n\t\t\t\t\n\t\t\t\t<div class=\"et_pb_module_inner\">\n\t\t\t\t\t<h1 class=\"dsm-typing-effect et_pb_module_header\" aria-label=\"origen y destino\"><span class=\"dsm-before-typing-effect\">Desde 1983 conectando<\/span><br><span class=\"dsm-typing-wrapper\"><span class=\"dsm-typing-strings\">origen y destino<\/span><span class=\"dsm-typing\" aria-hidden=\"true\" data-dsm-typing-cursor=\"|\" data-dsm-typing-strings=\"origen y destino\" data-dsm-typing-speed=\"100ms\" data-dsm-typing-backspeed=\"77ms\" data-dsm-typing-backdelay=\"1300ms\" data-dsm-typing-loop=\"true\" data-dsm-typing-fadeout=\"false\" data-dsm-typing-shuffle=\"false\" data-dsm-typing-delay=\"0ms\" data-dsm-typing-viewport=\"80%\" data-dsm-typing-repeat=\"on\"><\/span><\/span><\/h1>\n\t\t\t\t<\/div>\n\t\t\t<\/div>La historia comienza en 1983, cuando Jose Dominguez inicia su actividad profesional como vendedor en el [&hellip;]<\/p>","protected":false},"author":2,"featured_media":0,"parent":0,"menu_order":0,"comment_status":"closed","ping_status":"closed","template":"","meta":{"_et_pb_use_builder":"on","_et_pb_old_content":"","_et_gb_content_width":"","footnotes":""},"class_list":["post-84","page","type-page","status-publish","hentry"],"_links":{"self":[{"href":"https:\/\/dsbsl.com\/en\/wp-json\/wp\/v2\/pages\/84","targetHints":{"allow":["GET"]}}],"collection":[{"href":"https:\/\/dsbsl.com\/en\/wp-json\/wp\/v2\/pages"}],"about":[{"href":"https:\/\/dsbsl.com\/en\/wp-json\/wp\/v2\/types\/page"}],"author":[{"embeddable":true,"href":"https:\/\/dsbsl.com\/en\/wp-json\/wp\/v2\/users\/2"}],"replies":[{"embeddable":true,"href":"https:\/\/dsbsl.com\/en\/wp-json\/wp\/v2\/comments?post=84"}],"version-history":[{"count":20,"href":"https:\/\/dsbsl.com\/en\/wp-json\/wp\/v2\/pages\/84\/revisions"}],"predecessor-version":[{"id":354235,"href":"https:\/\/dsbsl.com\/en\/wp-json\/wp\/v2\/pages\/84\/revisions\/354235"}],"wp:attachment":[{"href":"https:\/\/dsbsl.com\/en\/wp-json\/wp\/v2\/media?parent=84"}],"curies":[{"name":"wp","href":"https:\/\/api.w.org\/{rel}","templated":true}]}}